{"id":62,"date":"2023-02-16T16:48:57","date_gmt":"2023-02-16T15:48:57","guid":{"rendered":"http:\/\/Main"},"modified":"2023-06-23T16:16:17","modified_gmt":"2023-06-23T14:16:17","slug":"datenschutzbestimmungen","status":"publish","type":"page","link":"https:\/\/www.sailingsanpaolo.it\/de\/privacy-policy\/","title":{"rendered":"Datenschutzbestimmungen"},"content":{"rendered":"<h2 class=\"wp-block-heading\" id=\"\"><\/h2>\r\n<h2 class=\"wp-block-heading\" id=\"\"><\/h2>\r\n<h2 class=\"wp-block-heading\" id=\"privacy-policy-di-www-sailingsanpaolo-it\">Datenschutzbestimmungen von www.sailingsanpaolo.it<\/h2>\r\n<p>Diese Datenschutzrichtlinie beschreibt die Richtlinien von:<br \/>SANPAOLO 1977 von Michele Acone<br>\r\nPiazza Castello, 11<br>\r\n07100 Sassari (SS)<br>\r\nVAT IT02705570907<br \/>info@sailingsanpaolo.it<br \/><br \/>\u00fcber die Erfassung, Verwendung und Weitergabe von Informationen, die wir bei der Nutzung unserer Website ( www.sailingsanpaolo.it) erfassen. (der Dienst). Indem Sie auf den Dienst zugreifen oder ihn nutzen, erkl\u00e4ren Sie sich mit der Erfassung, Verwendung und Weitergabe Ihrer Daten in \u00dcbereinstimmung mit dieser Datenschutzrichtlinie einverstanden. Wenn Sie damit nicht einverstanden sind, verzichten Sie bitte auf den Zugriff auf den Dienst oder dessen Nutzung. Wir k\u00f6nnen diese Datenschutzrichtlinie jederzeit ohne Vorank\u00fcndigung \u00e4ndern und werden die \u00fcberarbeitete Datenschutzrichtlinie auf dem Dienst ver\u00f6ffentlichen. Die ge\u00e4nderte Datenschutzrichtlinie tritt 180 Tage nach Ver\u00f6ffentlichung der ge\u00e4nderten Datenschutzrichtlinie im Dienst in Kraft, und wenn Sie nach Ablauf dieser Frist weiterhin auf den Dienst zugreifen oder ihn nutzen, erkl\u00e4ren Sie sich mit der ge\u00e4nderten Datenschutzrichtlinie einverstanden. Wir empfehlen Ihnen daher, diese Seite regelm\u00e4\u00dfig zu \u00fcberpr\u00fcfen.<\/p>\r\n<ol class=\"privacy-policy-ol\">\r\n<li>\r\n<h2 class=\"privacy-policy-h2\" id=\"informazioni-che-raccogliamo\">Wir sammeln Informationen:<\/h2>\r\n<p class=\"privacy-policy-p\">Wir werden die folgenden pers\u00f6nlichen Informationen \u00fcber Sie sammeln und verarbeiten:<\/p>\r\n<ol class=\"privacy-policy-ol\">\r\n<li>Name<\/li>\r\n<li>E-Mail<\/li>\r\n<li>Telefon<\/li>\r\n<\/ol>\r\n<\/li>\r\n<li>\r\n<h2 class=\"privacy-policy-h2\" id=\"come-utilizziamo-le-tue-informazioni\">Wie wir Ihre Informationen verwenden:<\/h2>\r\n<p class=\"privacy-policy-p\">Wir werden die \u00fcber Sie gesammelten Informationen f\u00fcr die folgenden Zwecke verwenden:<\/p>\r\n<ol class=\"privacy-policy-ol\">\r\n<li>Beantwortung des Kontaktformulars<\/li>\r\n<\/ol>\r\n<p class=\"privacy-policy-p\">Wenn wir Ihre Daten f\u00fcr einen anderen Zweck verwenden m\u00f6chten, werden wir Sie um Ihre Zustimmung bitten und Ihre Daten nur nach Erhalt Ihrer Zustimmung und dann nur f\u00fcr die Zwecke verwenden, f\u00fcr die Sie Ihre Zustimmung gegeben haben, es sei denn, wir sind gesetzlich zu etwas anderem verpflichtet.<\/p>\r\n<\/li>\r\n<li>\r\n<h2 class=\"privacy-policy-h2\" id=\"conservazione-delle-tue-informazioni\">Aufbewahrung Ihrer Informationen:<\/h2>\r\n<p class=\"privacy-policy-p\">Wir bewahren Ihre personenbezogenen Daten bei uns 90 Tage bis 2 Jahre nach Schlie\u00dfung Ihres Kontos oder so lange auf, wie es f\u00fcr die Erf\u00fcllung der Zwecke, f\u00fcr die sie gesammelt wurden, erforderlich ist, wie in dieser Datenschutzrichtlinie beschrieben. Es kann sein, dass wir bestimmte Daten l\u00e4nger aufbewahren m\u00fcssen, z. B. zur Aufbewahrung von Aufzeichnungen\/Berichten in \u00dcbereinstimmung mit geltendem Recht oder aus anderen legitimen Gr\u00fcnden, wie z. B. zur Durchsetzung gesetzlicher Rechte, zur Betrugsbek\u00e4mpfung usw. Anonyme Restdaten und zusammengefasste Daten, die Sie nicht (direkt oder indirekt) identifizieren, k\u00f6nnen auf unbestimmte Zeit gespeichert werden.<\/p>\r\n<\/li>\r\n<li>\r\n<h2 class=\"privacy-policy-h2\" id=\"i-tuoi-diritti\">Ihre Rechte:<\/h2>\r\n<p>Je nach geltendem Recht haben Sie das Recht, auf Ihre personenbezogenen Daten zuzugreifen und sie zu berichtigen oder zu l\u00f6schen oder eine Kopie Ihrer personenbezogenen Daten zu erhalten, die aktive Verarbeitung Ihrer Daten einzuschr\u00e4nken oder ihr zu widersprechen, uns aufzufordern, Ihre personenbezogenen Daten an eine andere Stelle weiterzugeben (zu \u00fcbermitteln), eine von Ihnen erteilte Zustimmung zur Verarbeitung Ihrer Daten zu widerrufen, das Recht, eine Beschwerde bei einer Justizbeh\u00f6rde einzureichen, sowie weitere Rechte, die nach geltendem Recht relevant sein k\u00f6nnen. Um diese Rechte auszu\u00fcben, k\u00f6nnen Sie sich an uns wenden: info@sailingsanpaolo.it. Wir werden Ihre Anfrage in \u00dcbereinstimmung mit dem geltenden Recht beantworten. Bitte beachten Sie, dass Sie m\u00f6glicherweise nicht in der Lage sind, auf die Dienste, f\u00fcr die Ihre Daten angefordert wurden, zuzugreifen oder diese zu nutzen, wenn Sie uns nicht die Erlaubnis erteilen, die angeforderten personenbezogenen Daten zu sammeln oder zu verarbeiten, oder wenn Sie Ihre Zustimmung zur Verarbeitung f\u00fcr die angeforderten Zwecke zur\u00fcckziehen.<\/p>\r\n<\/li>\r\n<li>\r\n<h2 class=\"privacy-policy-h2\" id=\"cookies-etc\">Cookies etc.<\/h2>\r\n<p>Wenn Sie mehr dar\u00fcber erfahren m\u00f6chten, wie wir diese Technologien nutzen und welche M\u00f6glichkeiten Sie in Bezug auf diese Tracking-Technologien haben, lesen Sie bitte unsere\u00a0 <a href=\"\/de\/cookie-richtlinie\/\">Cookie-Richtlinie<\/a>.<\/p>\r\n<\/li>\r\n<li>\r\n<h2 class=\"privacy-policy-h2\" id=\"sicurezza\">Sicherheit:<\/h2>\r\n<p class=\"privacy-policy-p\">Die Sicherheit Ihrer Daten ist uns wichtig, und wir werden angemessene Sicherheitsma\u00dfnahmen ergreifen, um den Verlust, den Missbrauch oder die unbefugte \u00c4nderung Ihrer Daten unter unserer Kontrolle zu verhindern. Aufgrund der damit verbundenen Risiken k\u00f6nnen wir jedoch keine absolute Sicherheit garantieren. Daher k\u00f6nnen wir die Sicherheit von Informationen, die Sie uns \u00fcbermitteln, nicht gew\u00e4hrleisten oder garantieren, und Sie tun dies auf eigenes Risiko.<\/p>\r\n<\/li>\r\n<li>\r\n<h2 class=\"privacy-policy-h2\" id=\"reclamo-responsabile-della-protezione-dei-dati\">Beschwerde-\/Datenschutzbeauftragter:<\/h2>\r\n<p class=\"privacy-policy-p\">Wenn Sie Fragen oder Bedenken bez\u00fcglich des Umgangs mit den bei uns verf\u00fcgbaren Informationen haben, k\u00f6nnen Sie eine E-Mail an unseren Beschwerdemanager senden: <br \/>SANPAOLO 1977 von Michele Acone<br>\r\nPiazza Castello, 11<br>\r\n07100 Sassari (SS)<br>\r\nVAT IT02705570907<br \/>info@sailingsanpaolo.it<\/p>\r\n<\/li>\r\n<li>\r\n<p class=\"privacy-policy-p\">Wir werden Ihr Anliegen im Einklang mit dem geltenden Recht behandeln.<\/p>\r\n<\/li>\r\n<\/ol>\r\n<p><\/p>","protected":false},"excerpt":{"rendered":"","protected":false},"author":1,"featured_media":0,"parent":0,"menu_order":0,"comment_status":"closed","ping_status":"closed","template":"","meta":{"footnotes":""},"class_list":["post-62","page","type-page","status-publish","hentry"],"_links":{"self":[{"href":"https:\/\/www.sailingsanpaolo.it\/de\/wp-json\/wp\/v2\/pages\/62","targetHints":{"allow":["GET"]}}],"collection":[{"href":"https:\/\/www.sailingsanpaolo.it\/de\/wp-json\/wp\/v2\/pages"}],"about":[{"href":"https:\/\/www.sailingsanpaolo.it\/de\/wp-json\/wp\/v2\/types\/page"}],"author":[{"embeddable":true,"href":"https:\/\/www.sailingsanpaolo.it\/de\/wp-json\/wp\/v2\/users\/1"}],"replies":[{"embeddable":true,"href":"https:\/\/www.sailingsanpaolo.it\/de\/wp-json\/wp\/v2\/comments?post=62"}],"version-history":[{"count":0,"href":"https:\/\/www.sailingsanpaolo.it\/de\/wp-json\/wp\/v2\/pages\/62\/revisions"}],"wp:attachment":[{"href":"https:\/\/www.sailingsanpaolo.it\/de\/wp-json\/wp\/v2\/media?parent=62"}],"curies":[{"name":"wp","href":"https:\/\/api.w.org\/{rel}","templated":true}]}}