{"id":62,"date":"2023-02-16T16:48:57","date_gmt":"2023-02-16T15:48:57","guid":{"rendered":"http:\/\/Main"},"modified":"2023-06-23T16:16:17","modified_gmt":"2023-06-23T14:16:17","slug":"politique-de-confidentialite","status":"publish","type":"page","link":"https:\/\/www.sailingsanpaolo.it\/fr\/privacy-policy\/","title":{"rendered":"Politique de confidentialit\u00e9"},"content":{"rendered":"<h2 class=\"wp-block-heading\" id=\"\"><\/h2>\r\n<h2 class=\"wp-block-heading\" id=\"\"><\/h2>\r\n<h2 class=\"wp-block-heading\" id=\"privacy-policy-di-www-sailingsanpaolo-it\">Politique de confidentialit\u00e9 de www.sailingsanpaolo.it<\/h2>\r\n<p>La pr\u00e9sente politique de protection de la vie priv\u00e9e d\u00e9crit les politiques de<br \/>SANPAOLO 1977 par Michele Acone<br>\r\nPiazza Castello, 11<br>\r\n07100 Sassari (SS)<br>\r\nTVA IT02705570907<br \/>info@sailingsanpaolo.it<br \/><br \/>sur la collecte, l'utilisation et la divulgation des informations que nous recueillons lorsque vous utilisez notre site web ( www.sailingsanpaolo.it). (le Service). En acc\u00e9dant au service ou en l'utilisant, vous consentez \u00e0 la collecte, \u00e0 l'utilisation et \u00e0 la divulgation de vos informations conform\u00e9ment \u00e0 la pr\u00e9sente politique de confidentialit\u00e9. Si vous n'y consentez pas, veuillez ne pas acc\u00e9der au service ni l'utiliser. Nous pouvons modifier la pr\u00e9sente politique de confidentialit\u00e9 \u00e0 tout moment sans pr\u00e9avis et nous publierons la politique de confidentialit\u00e9 r\u00e9vis\u00e9e sur le service. La politique de confidentialit\u00e9 r\u00e9vis\u00e9e entrera en vigueur 180 jours apr\u00e8s sa publication sur le service, et le fait de continuer \u00e0 acc\u00e9der au service ou \u00e0 l'utiliser apr\u00e8s cette p\u00e9riode constituera votre acceptation de la politique de confidentialit\u00e9 r\u00e9vis\u00e9e. Nous vous recommandons donc de consulter r\u00e9guli\u00e8rement cette page.<\/p>\r\n<ol class=\"privacy-policy-ol\">\r\n<li>\r\n<h2 class=\"privacy-policy-h2\" id=\"informazioni-che-raccogliamo\">Les informations que nous recueillons :<\/h2>\r\n<p class=\"privacy-policy-p\">Nous collecterons et traiterons les informations personnelles suivantes vous concernant :<\/p>\r\n<ol class=\"privacy-policy-ol\">\r\n<li>Nom<\/li>\r\n<li>Courriel<\/li>\r\n<li>T\u00e9l\u00e9phone<\/li>\r\n<\/ol>\r\n<\/li>\r\n<li>\r\n<h2 class=\"privacy-policy-h2\" id=\"come-utilizziamo-le-tue-informazioni\">Comment nous utilisons vos informations :<\/h2>\r\n<p class=\"privacy-policy-p\">Nous utiliserons les informations que nous recueillons \u00e0 votre sujet aux fins suivantes :<\/p>\r\n<ol class=\"privacy-policy-ol\">\r\n<li>R\u00e9pondre au formulaire de contact<\/li>\r\n<\/ol>\r\n<p class=\"privacy-policy-p\">Si nous souhaitons utiliser vos informations \u00e0 d'autres fins, nous vous demanderons votre consentement et n'utiliserons vos informations qu'apr\u00e8s avoir re\u00e7u votre consentement et uniquement aux fins pour lesquelles vous avez donn\u00e9 votre consentement, \u00e0 moins que la loi ne nous oblige \u00e0 faire autrement.<\/p>\r\n<\/li>\r\n<li>\r\n<h2 class=\"privacy-policy-h2\" id=\"conservazione-delle-tue-informazioni\">Conservation de vos informations :<\/h2>\r\n<p class=\"privacy-policy-p\">Nous conserverons vos informations personnelles de 90 jours \u00e0 2 ans apr\u00e8s la fermeture de votre compte ou aussi longtemps que n\u00e9cessaire pour atteindre les objectifs pour lesquels elles ont \u00e9t\u00e9 collect\u00e9es, tels que d\u00e9taill\u00e9s dans la pr\u00e9sente politique de protection de la vie priv\u00e9e. Il se peut que nous devions conserver certaines informations plus longtemps, par exemple pour la tenue de registres\/rapports conform\u00e9ment \u00e0 la l\u00e9gislation applicable ou pour d'autres raisons l\u00e9gitimes telles que l'application de droits l\u00e9gaux, la pr\u00e9vention de la fraude, etc. Les informations anonymes r\u00e9siduelles et les informations agr\u00e9g\u00e9es, dont aucune ne vous identifie (directement ou indirectement), peuvent \u00eatre conserv\u00e9es ind\u00e9finiment.<\/p>\r\n<\/li>\r\n<li>\r\n<h2 class=\"privacy-policy-h2\" id=\"i-tuoi-diritti\">Vos droits :<\/h2>\r\n<p>Selon le droit applicable, vous pouvez avoir le droit d'acc\u00e9der \u00e0 vos donn\u00e9es \u00e0 caract\u00e8re personnel et de les rectifier ou de les effacer ou d'en recevoir une copie, de limiter le traitement actif de vos donn\u00e9es ou de vous y opposer, de nous demander de partager (apporter) vos donn\u00e9es \u00e0 caract\u00e8re personnel \u00e0 une autre entit\u00e9, de r\u00e9voquer tout consentement que vous nous avez donn\u00e9 pour traiter vos donn\u00e9es, le droit de d\u00e9poser une plainte aupr\u00e8s d'une autorit\u00e9 l\u00e9gale et d'autres droits qui peuvent \u00eatre pertinents en vertu du droit applicable. Pour exercer ces droits, vous pouvez nous \u00e9crire \u00e0 l'adresse suivante : info@sailingsanpaolo.it. Nous r\u00e9pondrons \u00e0 votre demande conform\u00e9ment \u00e0 la l\u00e9gislation applicable. Veuillez noter que si vous ne nous autorisez pas \u00e0 collecter ou \u00e0 traiter les informations personnelles demand\u00e9es ou si vous retirez votre consentement \u00e0 leur traitement aux fins demand\u00e9es, il se peut que vous ne puissiez pas acc\u00e9der aux services pour lesquels vos informations ont \u00e9t\u00e9 demand\u00e9es ou les utiliser.<\/p>\r\n<\/li>\r\n<li>\r\n<h2 class=\"privacy-policy-h2\" id=\"cookies-etc\">Cookies Etc.<\/h2>\r\n<p>Pour en savoir plus sur la mani\u00e8re dont nous utilisons ces technologies et sur les choix qui s'offrent \u00e0 vous en ce qui concerne ces technologies de suivi, veuillez vous reporter \u00e0 notre site web.\u00a0 <a href=\"\/fr\/politique-en-matiere-de-cookies\/\">Politique en mati\u00e8re de cookies<\/a>.<\/p>\r\n<\/li>\r\n<li>\r\n<h2 class=\"privacy-policy-h2\" id=\"sicurezza\">La s\u00e9curit\u00e9 :<\/h2>\r\n<p class=\"privacy-policy-p\">La s\u00e9curit\u00e9 de vos informations est importante pour nous et nous utiliserons des mesures de s\u00e9curit\u00e9 raisonnables pour emp\u00eacher la perte, l'utilisation abusive ou la modification non autoris\u00e9e de vos informations sous notre contr\u00f4le. Toutefois, en raison des risques inh\u00e9rents, nous ne pouvons pas garantir une s\u00e9curit\u00e9 absolue et, par cons\u00e9quent, nous ne pouvons pas assurer ou garantir la s\u00e9curit\u00e9 des informations que vous nous transmettez et vous le faites \u00e0 vos propres risques.<\/p>\r\n<\/li>\r\n<li>\r\n<h2 class=\"privacy-policy-h2\" id=\"reclamo-responsabile-della-protezione-dei-dati\">Responsable des plaintes et de la protection des donn\u00e9es :<\/h2>\r\n<p class=\"privacy-policy-p\">Si vous avez des questions ou des pr\u00e9occupations concernant le traitement des informations que nous mettons \u00e0 votre disposition, vous pouvez envoyer un courrier \u00e9lectronique \u00e0 notre responsable des plaintes \u00e0 l'adresse suivante <br \/>SANPAOLO 1977 par Michele Acone<br>\r\nPiazza Castello, 11<br>\r\n07100 Sassari (SS)<br>\r\nTVA IT02705570907<br \/>info@sailingsanpaolo.it<\/p>\r\n<\/li>\r\n<li>\r\n<p class=\"privacy-policy-p\">Nous r\u00e9pondrons \u00e0 vos pr\u00e9occupations conform\u00e9ment \u00e0 la l\u00e9gislation applicable.<\/p>\r\n<\/li>\r\n<\/ol>\r\n<p><\/p>","protected":false},"excerpt":{"rendered":"","protected":false},"author":1,"featured_media":0,"parent":0,"menu_order":0,"comment_status":"closed","ping_status":"closed","template":"","meta":{"footnotes":""},"class_list":["post-62","page","type-page","status-publish","hentry"],"_links":{"self":[{"href":"https:\/\/www.sailingsanpaolo.it\/fr\/wp-json\/wp\/v2\/pages\/62","targetHints":{"allow":["GET"]}}],"collection":[{"href":"https:\/\/www.sailingsanpaolo.it\/fr\/wp-json\/wp\/v2\/pages"}],"about":[{"href":"https:\/\/www.sailingsanpaolo.it\/fr\/wp-json\/wp\/v2\/types\/page"}],"author":[{"embeddable":true,"href":"https:\/\/www.sailingsanpaolo.it\/fr\/wp-json\/wp\/v2\/users\/1"}],"replies":[{"embeddable":true,"href":"https:\/\/www.sailingsanpaolo.it\/fr\/wp-json\/wp\/v2\/comments?post=62"}],"version-history":[{"count":0,"href":"https:\/\/www.sailingsanpaolo.it\/fr\/wp-json\/wp\/v2\/pages\/62\/revisions"}],"wp:attachment":[{"href":"https:\/\/www.sailingsanpaolo.it\/fr\/wp-json\/wp\/v2\/media?parent=62"}],"curies":[{"name":"wp","href":"https:\/\/api.w.org\/{rel}","templated":true}]}}